{"id":4898,"date":"2015-01-11T11:20:45","date_gmt":"2015-01-11T10:20:45","guid":{"rendered":"https:\/\/undsgn.com\/uncode\/?page_id=4898"},"modified":"2018-03-25T23:04:17","modified_gmt":"2018-03-25T21:04:17","slug":"creative-agency","status":"publish","type":"page","link":"https:\/\/batorprojekt.pl\/","title":{"rendered":"Strona g\u0142\u00f3wna"},"content":{"rendered":"<p>[vc_row unlock_row_content=&#8221;yes&#8221; row_height_percent=&#8221;0&#8243; override_padding=&#8221;yes&#8221; h_padding=&#8221;2&#8243; top_padding=&#8221;4&#8243; bottom_padding=&#8221;4&#8243; back_color=&#8221;color-xsdn&#8221; overlay_alpha=&#8221;100&#8243; gutter_size=&#8221;3&#8243; shift_y=&#8221;0&#8243; style=&#8221;inherited&#8221; row_name=&#8221;works&#8221;][vc_column column_width_use_pixel=&#8221;yes&#8221; align_horizontal=&#8221;align_center&#8221; font_family=&#8221;font-762333&#8243; overlay_alpha=&#8221;100&#8243; gutter_size=&#8221;3&#8243; medium_width=&#8221;0&#8243; shift_x=&#8221;0&#8243; shift_y=&#8221;0&#8243; z_index=&#8221;0&#8243; zoom_width=&#8221;0&#8243; zoom_height=&#8221;0&#8243; width=&#8221;1\/1&#8243; column_width_pixel=&#8221;900&#8243;][vc_custom_heading text_size=&#8221;fontsize-338686&#8243; text_space=&#8221;fontspace-111509&#8243; text_font=&#8221;font-762333&#8243; text_weight=&#8221;700&#8243; sub_lead=&#8221;yes&#8221; sub_reduced=&#8221;yes&#8221; text_align=&#8221;text-center&#8221; text_serif=&#8221;&#8221; subheading=&#8221;Zapraszamy do zak\u0142adki portfolio.&#8221;]Nasze prace[\/vc_custom_heading][vc_separator sep_color=&#8221;accent&#8221; el_width=&#8221;90px&#8221; el_height=&#8221;2px&#8221;][\/vc_column][\/vc_row][vc_row unlock_row_content=&#8221;yes&#8221; row_height_percent=&#8221;0&#8243; override_padding=&#8221;yes&#8221; h_padding=&#8221;2&#8243; top_padding=&#8221;0&#8243; bottom_padding=&#8221;3&#8243; back_color=&#8221;color-lxmt&#8221; overlay_alpha=&#8221;0&#8243; gutter_size=&#8221;3&#8243; shift_y=&#8221;0&#8243; style=&#8221;inherited&#8221; el_class=&#8221;blog-carousel&#8221;][vc_column column_width_percent=&#8221;100&#8243; position_horizontal=&#8221;left&#8221; align_horizontal=&#8221;align_center&#8221; style=&#8221;dark&#8221; overlay_alpha=&#8221;100&#8243; gutter_size=&#8221;3&#8243; medium_width=&#8221;0&#8243; shift_x=&#8221;0&#8243; shift_y=&#8221;0&#8243; z_index=&#8221;0&#8243; zoom_width=&#8221;0&#8243; zoom_height=&#8221;0&#8243; width=&#8221;1\/1&#8243;][\/vc_column][\/vc_row][vc_row unlock_row_content=&#8221;yes&#8221; row_height_percent=&#8221;0&#8243; override_padding=&#8221;yes&#8221; h_padding=&#8221;3&#8243; top_padding=&#8221;4&#8243; bottom_padding=&#8221;4&#8243; back_color=&#8221;color-rgdb&#8221; overlay_alpha=&#8221;0&#8243; gutter_size=&#8221;100&#8243; mobile_visibility=&#8221;yes&#8221; shift_y=&#8221;0&#8243; style=&#8221;inherited&#8221;][vc_column column_width_percent=&#8221;80&#8243; position_vertical=&#8221;middle&#8221; align_horizontal=&#8221;align_center&#8221; style=&#8221;dark&#8221; overlay_alpha=&#8221;100&#8243; gutter_size=&#8221;3&#8243; medium_width=&#8221;0&#8243; shift_x=&#8221;0&#8243; shift_y=&#8221;0&#8243; z_index=&#8221;0&#8243; zoom_width=&#8221;0&#8243; zoom_height=&#8221;0&#8243; width=&#8221;1\/1&#8243;][vc_row_inner row_inner_height_percent=&#8221;0&#8243; overlay_alpha=&#8221;100&#8243; gutter_size=&#8221;4&#8243; shift_y=&#8221;0&#8243;][vc_column_inner column_width_percent=&#8221;100&#8243; align_horizontal=&#8221;align_center&#8221; style=&#8221;dark&#8221; gutter_size=&#8221;3&#8243; overlay_alpha=&#8221;100&#8243; medium_width=&#8221;3&#8243; shift_x=&#8221;0&#8243; shift_y=&#8221;0&#8243; z_index=&#8221;0&#8243; css_animation=&#8221;zoom-in&#8221; animation_delay=&#8221;200&#8243; zoom_width=&#8221;0&#8243; zoom_height=&#8221;0&#8243; width=&#8221;1\/3&#8243;][vc_pie value=&#8221;95&#8243; arc_width=&#8221;2&#8243; icon=&#8221;fa fa-mobile2&#8243; bar_color=&#8221;color-vyce&#8221;][vc_custom_heading text_size=&#8221;h5&#8243; text_font=&#8221;font-762333&#8243;]Projekty na mobilne urz\u0105dzenia[\/vc_custom_heading][\/vc_column_inner][vc_column_inner column_width_percent=&#8221;100&#8243; align_horizontal=&#8221;align_center&#8221; style=&#8221;dark&#8221; gutter_size=&#8221;3&#8243; overlay_alpha=&#8221;100&#8243; medium_width=&#8221;3&#8243; shift_x=&#8221;0&#8243; shift_y=&#8221;0&#8243; z_index=&#8221;0&#8243; css_animation=&#8221;zoom-in&#8221; animation_delay=&#8221;400&#8243; zoom_width=&#8221;0&#8243; zoom_height=&#8221;0&#8243; width=&#8221;1\/3&#8243;][vc_pie value=&#8221;90&#8243; arc_width=&#8221;2&#8243; icon=&#8221;fa fa-layers2&#8243; bar_color=&#8221;color-vyce&#8221;][vc_custom_heading text_size=&#8221;h5&#8243; text_font=&#8221;font-762333&#8243;]Obs\u0142uga wielow\u0105tkowych projekt\u00f3w[\/vc_custom_heading][\/vc_column_inner][vc_column_inner column_width_percent=&#8221;100&#8243; align_horizontal=&#8221;align_center&#8221; style=&#8221;dark&#8221; gutter_size=&#8221;3&#8243; overlay_alpha=&#8221;100&#8243; medium_width=&#8221;3&#8243; shift_x=&#8221;0&#8243; shift_y=&#8221;0&#8243; z_index=&#8221;0&#8243; css_animation=&#8221;zoom-in&#8221; animation_delay=&#8221;600&#8243; zoom_width=&#8221;0&#8243; zoom_height=&#8221;0&#8243; width=&#8221;1\/3&#8243;][vc_pie value=&#8221;95&#8243; arc_width=&#8221;2&#8243; icon=&#8221;fa fa-profile-male&#8221; bar_color=&#8221;color-vyce&#8221;][vc_custom_heading text_size=&#8221;h5&#8243; text_font=&#8221;font-762333&#8243;]Ca\u0142odobowe wsparcie klienta[\/vc_custom_heading][\/vc_column_inner][\/vc_row_inner][\/vc_column][\/vc_row][vc_row unlock_row_content=&#8221;yes&#8221; row_height_percent=&#8221;0&#8243; override_padding=&#8221;yes&#8221; h_padding=&#8221;2&#8243; top_padding=&#8221;5&#8243; bottom_padding=&#8221;7&#8243; back_color=&#8221;accent&#8221; back_image=&#8221;55130&#8243; back_position=&#8221;center top&#8221; parallax=&#8221;yes&#8221; overlay_alpha=&#8221;0&#8243; gutter_size=&#8221;3&#8243; column_width_percent=&#8221;100&#8243; shift_y=&#8221;0&#8243; z_index=&#8221;0&#8243; style=&#8221;inherited&#8221;][vc_column column_width_use_pixel=&#8221;yes&#8221; position_vertical=&#8221;middle&#8221; align_horizontal=&#8221;align_center&#8221; style=&#8221;dark&#8221; font_family=&#8221;font-762333&#8243; overlay_alpha=&#8221;100&#8243; gutter_size=&#8221;3&#8243; medium_width=&#8221;0&#8243; shift_x=&#8221;0&#8243; shift_y=&#8221;0&#8243; z_index=&#8221;0&#8243; zoom_width=&#8221;0&#8243; zoom_height=&#8221;0&#8243; width=&#8221;1\/1&#8243; column_width_pixel=&#8221;700&#8243;][vc_custom_heading text_size=&#8221;fontsize-338686&#8243; text_space=&#8221;fontspace-111509&#8243; text_font=&#8221;font-762333&#8243; text_weight=&#8221;700&#8243; sub_lead=&#8221;yes&#8221; sub_reduced=&#8221;yes&#8221; text_align=&#8221;text-center&#8221; text_serif=&#8221;&#8221; subheading=&#8221;Masz pomys\u0142 na nowy projekt, ale nie umiesz go zwizualizowa\u0107? Napisz do nas, pomo\u017cemy!&#8221;]Zosta\u0144my w kontakcie[\/vc_custom_heading][vc_separator sep_color=&#8221;color-xsdn&#8221; el_width=&#8221;90px&#8221; el_height=&#8221;2px&#8221;][vc_empty_space empty_h=&#8221;2&#8243;][\/vc_column][\/vc_row][vc_row unlock_row_content=&#8221;yes&#8221; row_height_percent=&#8221;0&#8243; override_padding=&#8221;yes&#8221; h_padding=&#8221;2&#8243; top_padding=&#8221;0&#8243; bottom_padding=&#8221;4&#8243; back_color=&#8221;color-lxmt&#8221; overlay_alpha=&#8221;0&#8243; equal_height=&#8221;yes&#8221; gutter_size=&#8221;3&#8243; shift_y=&#8221;0&#8243; style=&#8221;inherited&#8221;][vc_column column_width_percent=&#8221;80&#8243; align_horizontal=&#8221;align_center&#8221; overlay_alpha=&#8221;100&#8243; gutter_size=&#8221;0&#8243; medium_width=&#8221;0&#8243; shift_x=&#8221;0&#8243; shift_y=&#8221;-4&#8243; shift_y_fixed=&#8221;yes&#8221; z_index=&#8221;0&#8243; zoom_width=&#8221;0&#8243; zoom_height=&#8221;0&#8243; width=&#8221;1\/1&#8243;][vc_row_inner row_inner_height_percent=&#8221;0&#8243; back_color=&#8221;color-gyho&#8221; overlay_alpha=&#8221;100&#8243; equal_height=&#8221;yes&#8221; gutter_size=&#8221;1&#8243; shift_y=&#8221;0&#8243; style=&#8221;inherited&#8221;][vc_column_inner column_width_percent=&#8221;100&#8243; align_horizontal=&#8221;align_center&#8221; override_padding=&#8221;yes&#8221; column_padding=&#8221;4&#8243; gutter_size=&#8221;2&#8243; back_color=&#8221;color-xsdn&#8221; overlay_alpha=&#8221;100&#8243; medium_width=&#8221;3&#8243; shift_x=&#8221;0&#8243; shift_y=&#8221;0&#8243; z_index=&#8221;0&#8243; css_animation=&#8221;zoom-in&#8221; animation_delay=&#8221;200&#8243; zoom_width=&#8221;0&#8243; zoom_height=&#8221;0&#8243; width=&#8221;1\/3&#8243; mobile_width_full=&#8221;&#8221; link_to=&#8221;||&#8221;][vc_icon icon=&#8221;fa fa-map-pin&#8221; icon_color=&#8221;accent&#8221; size=&#8221;fa-4x&#8221; heading_semantic=&#8221;h4&#8243; text_size=&#8221;h4&#8243; text_font=&#8221;font-762333&#8243; text_weight=&#8221;700&#8243; text_lead=&#8221;yes&#8221; text_reduced=&#8221;yes&#8221; title=&#8221;Nasza lokalizacja&#8221; link=&#8221;||&#8221;]Krak\u00f3w[\/vc_icon][vc_button size=&#8221;btn-link&#8221; border_width=&#8221;0&#8243; link=&#8221;url:%23|||&#8221;][\/vc_button][\/vc_column_inner][vc_column_inner column_width_percent=&#8221;100&#8243; align_horizontal=&#8221;align_center&#8221; override_padding=&#8221;yes&#8221; column_padding=&#8221;4&#8243; gutter_size=&#8221;2&#8243; back_color=&#8221;color-xsdn&#8221; overlay_alpha=&#8221;100&#8243; medium_width=&#8221;3&#8243; mobile_visibility=&#8221;yes&#8221; shift_x=&#8221;0&#8243; shift_y=&#8221;0&#8243; z_index=&#8221;0&#8243; css_animation=&#8221;zoom-in&#8221; animation_delay=&#8221;400&#8243; zoom_width=&#8221;0&#8243; zoom_height=&#8221;0&#8243; width=&#8221;1\/3&#8243; mobile_width_full=&#8221;&#8221;][vc_icon icon=&#8221;fa fa-envelope2&#8243; icon_color=&#8221;accent&#8221; size=&#8221;fa-4x&#8221; heading_semantic=&#8221;h4&#8243; text_size=&#8221;h4&#8243; text_font=&#8221;font-762333&#8243; text_weight=&#8221;700&#8243; text_lead=&#8221;yes&#8221; text_reduced=&#8221;yes&#8221; title=&#8221;Wy\u015blij e-mail&#8221;]Zostaw nam wiadomo\u015b\u0107, odpowiemy najszybciej jak si\u0119 da.[\/vc_icon][vc_button size=&#8221;btn-link&#8221; link=&#8221;url:%23|||&#8221;]send email[\/vc_button][\/vc_column_inner][\/vc_row_inner][\/vc_column][\/vc_row][vc_row row_height_percent=&#8221;0&#8243; override_padding=&#8221;yes&#8221; h_padding=&#8221;2&#8243; top_padding=&#8221;3&#8243; bottom_padding=&#8221;3&#8243; back_color=&#8221;color-xsdn&#8221; overlay_alpha=&#8221;100&#8243; gutter_size=&#8221;3&#8243; shift_y=&#8221;0&#8243;][vc_column column_width_percent=&#8221;100&#8243; align_horizontal=&#8221;align_center&#8221; overlay_alpha=&#8221;100&#8243; gutter_size=&#8221;3&#8243; medium_width=&#8221;0&#8243; shift_x=&#8221;0&#8243; shift_y=&#8221;0&#8243; z_index=&#8221;0&#8243; zoom_width=&#8221;0&#8243; zoom_height=&#8221;0&#8243; width=&#8221;1\/1&#8243;][vc_gallery el_id=&#8221;gallery-85457&#8243; type=&#8221;carousel&#8221; medias=&#8221;17918,17919,17920,17922,17921,19914,19911,19910,19913,25283,17917&#8243; carousel_lg=&#8221;7&#8243; carousel_md=&#8221;5&#8243; carousel_sm=&#8221;3&#8243; gutter_size=&#8221;3&#8243; media_items=&#8221;media|nolink|original,icon&#8221; carousel_interval=&#8221;3000&#8243; carousel_navspeed=&#8221;400&#8243; carousel_loop=&#8221;yes&#8221; single_overlay_opacity=&#8221;50&#8243; single_text_anim=&#8221;no&#8221; single_overlay_anim=&#8221;no&#8221; single_image_anim=&#8221;no&#8221; single_padding=&#8221;2&#8243; single_border=&#8221;yes&#8221; title=&#8221;Clients&#8221;][\/vc_column][\/vc_row]<\/p>\n","protected":false},"excerpt":{"rendered":"<p>[vc_row unlock_row_content=&#8221;yes&#8221; row_height_percent=&#8221;0&#8243; override_padding=&#8221;yes&#8221; h_padding=&#8221;2&#8243; top_padding=&#8221;4&#8243; bottom_padding=&#8221;4&#8243; back_color=&#8221;color-xsdn&#8221; overlay_alpha=&#8221;100&#8243; gutter_size=&#8221;3&#8243; shift_y=&#8221;0&#8243; style=&#8221;inherited&#8221; row_name=&#8221;works&#8221;][vc_column column_width_use_pixel=&#8221;yes&#8221; align_horizontal=&#8221;align_center&#8221; font_family=&#8221;font-762333&#8243; overlay_alpha=&#8221;100&#8243; gutter_size=&#8221;3&#8243; medium_width=&#8221;0&#8243; shift_x=&#8221;0&#8243; [&hellip;]<\/p>\n","protected":false},"author":1,"featured_media":56400,"parent":0,"menu_order":0,"comment_status":"open","ping_status":"closed","template":"","meta":[],"_links":{"self":[{"href":"https:\/\/batorprojekt.pl\/index.php?rest_route=\/wp\/v2\/pages\/4898"}],"collection":[{"href":"https:\/\/batorprojekt.pl\/index.php?rest_route=\/wp\/v2\/pages"}],"about":[{"href":"https:\/\/batorprojekt.pl\/index.php?rest_route=\/wp\/v2\/types\/page"}],"author":[{"embeddable":true,"href":"https:\/\/batorprojekt.pl\/index.php?rest_route=\/wp\/v2\/users\/1"}],"replies":[{"embeddable":true,"href":"https:\/\/batorprojekt.pl\/index.php?rest_route=%2Fwp%2Fv2%2Fcomments&post=4898"}],"version-history":[{"count":17,"href":"https:\/\/batorprojekt.pl\/index.php?rest_route=\/wp\/v2\/pages\/4898\/revisions"}],"predecessor-version":[{"id":67103,"href":"https:\/\/batorprojekt.pl\/index.php?rest_route=\/wp\/v2\/pages\/4898\/revisions\/67103"}],"wp:featuredmedia":[{"embeddable":true,"href":"https:\/\/batorprojekt.pl\/index.php?rest_route=\/wp\/v2\/media\/56400"}],"wp:attachment":[{"href":"https:\/\/batorprojekt.pl\/index.php?rest_route=%2Fwp%2Fv2%2Fmedia&parent=4898"}],"curies":[{"name":"wp","href":"https:\/\/api.w.org\/{rel}","templated":true}]}}